{"id":3954,"date":"2023-02-06T13:18:58","date_gmt":"2023-02-06T12:18:58","guid":{"rendered":"https:\/\/www.montmarsis.com\/les-hebergements\/"},"modified":"2023-12-21T17:40:56","modified_gmt":"2023-12-21T16:40:56","slug":"unterkuenfte","status":"publish","type":"page","link":"https:\/\/www.montmarsis.com\/de\/unterkuenfte\/","title":{"rendered":"Unterk\u00fcnfte"},"content":{"rendered":"\n<div class=\"wp-block-cover alignfull page-cover\" style=\"margin-top:0px;margin-bottom:2vh;min-height:800px;aspect-ratio:unset;\"><span aria-hidden=\"true\" class=\"wp-block-cover__background has-background-dim-60 has-background-dim wp-block-cover__gradient-background has-background-gradient has-theme-green-transparent-gradient-background\"><\/span><img decoding=\"async\" width=\"1623\" height=\"1080\" class=\"wp-block-cover__image-background wp-image-1483 lazyload\" alt=\"\" data-src=\"https:\/\/www.montmarsis.com\/wp-content\/uploads\/safari-tent-5-pers-20.webp\" data-object-fit=\"cover\" data-srcset=\"https:\/\/www.montmarsis.com\/wp-content\/uploads\/safari-tent-5-pers-20.webp 1623w, https:\/\/www.montmarsis.com\/wp-content\/uploads\/safari-tent-5-pers-20-1024x681.webp 1024w, https:\/\/www.montmarsis.com\/wp-content\/uploads\/safari-tent-5-pers-20-768x511.webp 768w, https:\/\/www.montmarsis.com\/wp-content\/uploads\/safari-tent-5-pers-20-1536x1022.webp 1536w, https:\/\/www.montmarsis.com\/wp-content\/uploads\/safari-tent-5-pers-20-512x341.webp 512w, https:\/\/www.montmarsis.com\/wp-content\/uploads\/safari-tent-5-pers-20-256x170.webp 256w\" data-sizes=\"(max-width: 1623px) 100vw, 1623px\" src=\"data:image\/svg+xml;base64,PHN2ZyB3aWR0aD0iMSIgaGVpZ2h0PSIxIiB4bWxucz0iaHR0cDovL3d3dy53My5vcmcvMjAwMC9zdmciPjwvc3ZnPg==\" style=\"--smush-placeholder-width: 1623px; --smush-placeholder-aspect-ratio: 1623\/1080;\" \/><div class=\"wp-block-cover__inner-container is-layout-flow wp-block-cover-is-layout-flow\">\n<h1 class=\"wp-block-heading has-text-align-center animation--init--once pop-up delay-1\" style=\"margin-top:16vh;margin-bottom:3vh\">Village de Montmarsis<\/h1>\n\n\n\n<h5 class=\"wp-block-heading has-text-align-center animation--init--once pop-up delay-2 has-theme-clear-green-color has-text-color\" style=\"margin-bottom:3vh\">Gourdon, Lot-Dordogne<\/h5>\n\n\n\n<figure class=\"wp-block-image aligncenter size-large stars animation--init--once slide-up delay-3\"><img decoding=\"async\" data-src=\"https:\/\/www.montmarsis.com\/wp-content\/uploads\/stars-cover.svg\" alt=\"\" src=\"data:image\/svg+xml;base64,PHN2ZyB3aWR0aD0iMSIgaGVpZ2h0PSIxIiB4bWxucz0iaHR0cDovL3d3dy53My5vcmcvMjAwMC9zdmciPjwvc3ZnPg==\" class=\"lazyload\" \/><\/figure>\n<\/div><\/div>\n\n\n\n<div class=\"wp-block-group alignwide animation--init--once has-theme-medium-green-color has-text-color has-text-small-font-size is-content-justification-left is-layout-constrained wp-container-core-group-is-layout-8dbc206d wp-block-group-is-layout-constrained\" style=\"margin-bottom:8vh\"><div class=\"yoast-breadcrumbs\"><span><span><a href=\"https:\/\/www.montmarsis.com\/de\/\">Accueil<\/a><\/span> &gt; <span class=\"breadcrumb_last\" aria-current=\"page\">Unterk\u00fcnfte<\/span><\/span><\/div><\/div>\n\n\n\n<h2 class=\"wp-block-heading alignwide has-text-align-center animation--init--once seo-title has-theme-dark-green-color has-text-color\"><span><strong>UNSERE FERIENH\u00c4USER<\/strong><\/span><br>Entdecken Sie unsere Ferienvillen im Ferienpark Village de Montmarsis in der N\u00e4he von Gourdon im Lot\/Dordogne.<\/h2>\n\n\n\n<p class=\"has-text-align-center\">Weil die H\u00e4user im Park in betr\u00e4chtlichem Abstand voneinander gebaut worden sind wird viel Privatsph\u00e4re geboten. Sie sind so situiert dass sie von morgens bis abends die Sonne geniessen k\u00f6nnen. Zur Auswahl haben Sie verschiedene Ferienh\u00e4user von 4 bis 6 Personen. Die Ferienh\u00e4user haben 2 oder 3 Schlafzimmer und ein ger\u00e4umiges Badezimmer mit Dusche. Der Park bietet auch luxuri\u00f6se Safarizelte. Diese Unterk\u00fcnfte sind komplett ausgestattet und haben damit eine voll ausgestattete K\u00fcche. Es gibt einen K\u00fchlschrank mit Gefrierfach, einen Geschirrsp\u00fcler, eine (Kombi-) Mikrowelle und eine Waschmaschine. In jedes Haus gibt es WLAN und Sat-TV. Alle H\u00e4user verf\u00fcgen \u00fcber einen gro\u00dfen Garten, eine \u00fcberdachte Terrasse mit Esstisch und Sonnenliegen.<\/p>\n\n\n\n<div class=\"wp-block-hebergements-block alignfull\">\n    <div class=\"hebergements-grid-container\">\n        <div class=\"splide__track\">\n            <ul class=\"splide__list\">        \n                                                <li class=\"splide__slide\">\n                                        <a class=\"hebergement-block animation--init--once\" href=\"https:\/\/www.montmarsis.com\/de\/unterkuenfte\/luxurioeses-safarizelt-fuer-5-personen\/\">\n                                        <img decoding=\"async\" width=\"1024\" height=\"683\" data-src=\"https:\/\/www.montmarsis.com\/wp-content\/uploads\/safari-tent-5-pers-02-1024x683.webp\" class=\"attachment-gallery-medium size-gallery-medium wp-post-image lazyload\" alt=\"\" data-srcset=\"https:\/\/www.montmarsis.com\/wp-content\/uploads\/safari-tent-5-pers-02-1024x683.webp 1024w, https:\/\/www.montmarsis.com\/wp-content\/uploads\/safari-tent-5-pers-02-768x512.webp 768w, https:\/\/www.montmarsis.com\/wp-content\/uploads\/safari-tent-5-pers-02-1536x1024.webp 1536w, https:\/\/www.montmarsis.com\/wp-content\/uploads\/safari-tent-5-pers-02-512x341.webp 512w, https:\/\/www.montmarsis.com\/wp-content\/uploads\/safari-tent-5-pers-02-256x171.webp 256w, https:\/\/www.montmarsis.com\/wp-content\/uploads\/safari-tent-5-pers-02.webp 1620w\" data-sizes=\"(max-width: 1024px) 100vw, 1024px\" src=\"data:image\/svg+xml;base64,PHN2ZyB3aWR0aD0iMSIgaGVpZ2h0PSIxIiB4bWxucz0iaHR0cDovL3d3dy53My5vcmcvMjAwMC9zdmciPjwvc3ZnPg==\" style=\"--smush-placeholder-width: 1024px; --smush-placeholder-aspect-ratio: 1024\/683;\" \/>    \n                    <section class=\"info-container\">\n                        <div class=\"info-container-wrapper\">\n                            <h2>Zelt 5* Safari Glamping 5\/6 Personen<\/h2>\n                            <p><span class=\"icon-pers\"> mnch.<\/span>\n                            <span class=\"icon-area\">35 m<sup>2<\/sup><\/span>\n                            <span class=\"icon-ch\">2 rm.<\/span>\n                            <span class=\"icon-sdb\">1 bzm.<\/span><\/p>\n                                                        <p class=\"icon-plus has-text-align-center\">&plus;<\/p>\n                                                    <\/div>\n                    <\/section>\n                                        <\/a>\n                                    <\/li>\n                                                <li class=\"splide__slide\">\n                                        <a class=\"hebergement-block animation--init--once\" href=\"https:\/\/www.montmarsis.com\/de\/unterkuenfte\/villa-optima\/\">\n                                        <img decoding=\"async\" width=\"1024\" height=\"681\" data-src=\"https:\/\/www.montmarsis.com\/wp-content\/uploads\/villa-4-optim-gourdon-10-1024x681.webp\" class=\"attachment-gallery-medium size-gallery-medium wp-post-image lazyload\" alt=\"\" data-srcset=\"https:\/\/www.montmarsis.com\/wp-content\/uploads\/villa-4-optim-gourdon-10-1024x681.webp 1024w, https:\/\/www.montmarsis.com\/wp-content\/uploads\/villa-4-optim-gourdon-10-768x511.webp 768w, https:\/\/www.montmarsis.com\/wp-content\/uploads\/villa-4-optim-gourdon-10-1536x1022.webp 1536w, https:\/\/www.montmarsis.com\/wp-content\/uploads\/villa-4-optim-gourdon-10-512x341.webp 512w, https:\/\/www.montmarsis.com\/wp-content\/uploads\/villa-4-optim-gourdon-10-256x170.webp 256w, https:\/\/www.montmarsis.com\/wp-content\/uploads\/villa-4-optim-gourdon-10.webp 1623w\" data-sizes=\"(max-width: 1024px) 100vw, 1024px\" src=\"data:image\/svg+xml;base64,PHN2ZyB3aWR0aD0iMSIgaGVpZ2h0PSIxIiB4bWxucz0iaHR0cDovL3d3dy53My5vcmcvMjAwMC9zdmciPjwvc3ZnPg==\" style=\"--smush-placeholder-width: 1024px; --smush-placeholder-aspect-ratio: 1024\/681;\" \/>    \n                    <section class=\"info-container\">\n                        <div class=\"info-container-wrapper\">\n                            <h2>Maison 5* Optima 4\/5 Personen Klimatisiert<\/h2>\n                            <p><span class=\"icon-pers\">4 mnch.<\/span>\n                            <span class=\"icon-area\">50 m<sup>2<\/sup><\/span>\n                            <span class=\"icon-ch\">2 rm.<\/span>\n                            <span class=\"icon-sdb\">1 bzm.<\/span><\/p>\n                                                        <p class=\"icon-plus has-text-align-center\">&plus;<\/p>\n                                                    <\/div>\n                    <\/section>\n                                        <\/a>\n                                    <\/li>\n                                                <li class=\"splide__slide\">\n                                        <a class=\"hebergement-block animation--init--once\" href=\"https:\/\/www.montmarsis.com\/de\/unterkuenfte\/villa-6-personen-grand-deluxe\/\">\n                                        <img decoding=\"async\" width=\"1024\" height=\"681\" data-src=\"https:\/\/www.montmarsis.com\/wp-content\/uploads\/villa-6-deluxe-gourdon-01-1024x681.webp\" class=\"attachment-gallery-medium size-gallery-medium wp-post-image lazyload\" alt=\"\" data-srcset=\"https:\/\/www.montmarsis.com\/wp-content\/uploads\/villa-6-deluxe-gourdon-01-1024x681.webp 1024w, https:\/\/www.montmarsis.com\/wp-content\/uploads\/villa-6-deluxe-gourdon-01-768x511.webp 768w, https:\/\/www.montmarsis.com\/wp-content\/uploads\/villa-6-deluxe-gourdon-01-1536x1022.webp 1536w, https:\/\/www.montmarsis.com\/wp-content\/uploads\/villa-6-deluxe-gourdon-01-512x341.webp 512w, https:\/\/www.montmarsis.com\/wp-content\/uploads\/villa-6-deluxe-gourdon-01-256x170.webp 256w, https:\/\/www.montmarsis.com\/wp-content\/uploads\/villa-6-deluxe-gourdon-01.webp 1623w\" data-sizes=\"(max-width: 1024px) 100vw, 1024px\" src=\"data:image\/svg+xml;base64,PHN2ZyB3aWR0aD0iMSIgaGVpZ2h0PSIxIiB4bWxucz0iaHR0cDovL3d3dy53My5vcmcvMjAwMC9zdmciPjwvc3ZnPg==\" style=\"--smush-placeholder-width: 1024px; --smush-placeholder-aspect-ratio: 1024\/681;\" \/>    \n                    <section class=\"info-container\">\n                        <div class=\"info-container-wrapper\">\n                            <h2>Maison 5* Ultima 6 Personen Klimatisiert<\/h2>\n                            <p><span class=\"icon-pers\">6 mnch.<\/span>\n                            <span class=\"icon-area\">63 m<sup>2<\/sup><\/span>\n                            <span class=\"icon-ch\">3 rm.<\/span>\n                            <span class=\"icon-sdb\">1 bzm.<\/span><\/p>\n                                                        <p class=\"icon-plus has-text-align-center\">&plus;<\/p>\n                                                    <\/div>\n                    <\/section>\n                                        <\/a>\n                                    <\/li>\n                                                <li class=\"splide__slide\">\n                                        <a class=\"hebergement-block animation--init--once\" href=\"https:\/\/www.montmarsis.com\/de\/unterkuenfte\/villa-6-pers-komfort\/\">\n                                        <img decoding=\"async\" width=\"1024\" height=\"683\" data-src=\"https:\/\/www.montmarsis.com\/wp-content\/uploads\/villa-6-confort-gourdon-01-1024x683.webp\" class=\"attachment-gallery-medium size-gallery-medium wp-post-image lazyload\" alt=\"\" data-srcset=\"https:\/\/www.montmarsis.com\/wp-content\/uploads\/villa-6-confort-gourdon-01-1024x683.webp 1024w, https:\/\/www.montmarsis.com\/wp-content\/uploads\/villa-6-confort-gourdon-01-768x512.webp 768w, https:\/\/www.montmarsis.com\/wp-content\/uploads\/villa-6-confort-gourdon-01-1536x1024.webp 1536w, https:\/\/www.montmarsis.com\/wp-content\/uploads\/villa-6-confort-gourdon-01-512x341.webp 512w, https:\/\/www.montmarsis.com\/wp-content\/uploads\/villa-6-confort-gourdon-01-256x171.webp 256w, https:\/\/www.montmarsis.com\/wp-content\/uploads\/villa-6-confort-gourdon-01.webp 1620w\" data-sizes=\"(max-width: 1024px) 100vw, 1024px\" src=\"data:image\/svg+xml;base64,PHN2ZyB3aWR0aD0iMSIgaGVpZ2h0PSIxIiB4bWxucz0iaHR0cDovL3d3dy53My5vcmcvMjAwMC9zdmciPjwvc3ZnPg==\" style=\"--smush-placeholder-width: 1024px; --smush-placeholder-aspect-ratio: 1024\/683;\" \/>    \n                    <section class=\"info-container\">\n                        <div class=\"info-container-wrapper\">\n                            <h2>Maison Deluxe 4\/5\/6 Personen<\/h2>\n                            <p><span class=\"icon-pers\"> mnch.<\/span>\n                            <span class=\"icon-area\">60 m<sup>2<\/sup><\/span>\n                            <span class=\"icon-ch\">3 rm.<\/span>\n                            <span class=\"icon-sdb\">1 bzm.<\/span><\/p>\n                                                        <p class=\"icon-plus has-text-align-center\">&plus;<\/p>\n                                                    <\/div>\n                    <\/section>\n                                        <\/a>\n                                    <\/li>\n                                                <li class=\"splide__slide\">\n                                        <a class=\"hebergement-block animation--init--once\" href=\"https:\/\/www.montmarsis.com\/de\/unterkuenfte\/villa-4-personen-komfort\/\">\n                                        <img decoding=\"async\" width=\"1024\" height=\"427\" data-src=\"https:\/\/www.montmarsis.com\/wp-content\/uploads\/villa-4-confort-gourdon-01-1024x427.webp\" class=\"attachment-gallery-medium size-gallery-medium wp-post-image lazyload\" alt=\"\" data-srcset=\"https:\/\/www.montmarsis.com\/wp-content\/uploads\/villa-4-confort-gourdon-01-1024x427.webp 1024w, https:\/\/www.montmarsis.com\/wp-content\/uploads\/villa-4-confort-gourdon-01-768x320.webp 768w, https:\/\/www.montmarsis.com\/wp-content\/uploads\/villa-4-confort-gourdon-01-1536x640.webp 1536w, https:\/\/www.montmarsis.com\/wp-content\/uploads\/villa-4-confort-gourdon-01-512x213.webp 512w, https:\/\/www.montmarsis.com\/wp-content\/uploads\/villa-4-confort-gourdon-01-256x107.webp 256w, https:\/\/www.montmarsis.com\/wp-content\/uploads\/villa-4-confort-gourdon-01.webp 1920w\" data-sizes=\"(max-width: 1024px) 100vw, 1024px\" src=\"data:image\/svg+xml;base64,PHN2ZyB3aWR0aD0iMSIgaGVpZ2h0PSIxIiB4bWxucz0iaHR0cDovL3d3dy53My5vcmcvMjAwMC9zdmciPjwvc3ZnPg==\" style=\"--smush-placeholder-width: 1024px; --smush-placeholder-aspect-ratio: 1024\/427;\" \/>    \n                    <section class=\"info-container\">\n                        <div class=\"info-container-wrapper\">\n                            <h2>Maison Comfort 4\/5 Personen<\/h2>\n                            <p><span class=\"icon-pers\"> mnch.<\/span>\n                            <span class=\"icon-area\">41 m<sup>2<\/sup><\/span>\n                            <span class=\"icon-ch\">2 rm.<\/span>\n                            <span class=\"icon-sdb\">1 bzm.<\/span><\/p>\n                                                        <p class=\"icon-plus has-text-align-center\">&plus;<\/p>\n                                                    <\/div>\n                    <\/section>\n                                        <\/a>\n                                    <\/li>\n                                <!-- end of the loop -->\n            <\/ul>\n            <\/div>\n<\/div>\n","protected":false},"excerpt":{"rendered":"<p>UNSERE FERIENH\u00c4USEREntdecken Sie unsere Ferienvillen im Ferienpark Village de Montmarsis in der N\u00e4he von Gourdon im Lot\/Dordogne. Weil die H\u00e4user im Park in betr\u00e4chtlichem Abstand&#8230;<\/p>\n","protected":false},"author":4,"featured_media":0,"parent":0,"menu_order":2,"comment_status":"closed","ping_status":"closed","template":"","meta":{"_acf_changed":false,"inline_featured_image":false,"footnotes":""},"class_list":["post-3954","page","type-page","status-publish","hentry"],"acf":[],"yoast_head":"<!-- This site is optimized with the Yoast SEO Premium plugin v26.9 (Yoast SEO v27.3) - https:\/\/yoast.com\/product\/yoast-seo-premium-wordpress\/ -->\n<title>Buchen Sie Ihren Aufenthalt im Ferienpark Village de Montmarsis<\/title>\n<meta name=\"description\" content=\"Genie\u00dfen Sie unsere Ferienvillen im Ferienpark Village de Montmarsis im Lot und in der Dordogne in Frankreich und entdecken Sie die Umgebung.\" \/>\n<meta name=\"robots\" content=\"index, follow, max-snippet:-1, max-image-preview:large, max-video-preview:-1\" \/>\n<link rel=\"canonical\" href=\"https:\/\/www.montmarsis.com\/de\/unterkuenfte\/\" \/>\n<meta property=\"og:locale\" content=\"de_DE\" \/>\n<meta property=\"og:type\" content=\"article\" \/>\n<meta property=\"og:title\" content=\"Unterk\u00fcnfte\" \/>\n<meta property=\"og:description\" content=\"Genie\u00dfen Sie unsere Ferienvillen im Ferienpark Village de Montmarsis im Lot und in der Dordogne in Frankreich und entdecken Sie die Umgebung.\" \/>\n<meta property=\"og:url\" content=\"https:\/\/www.montmarsis.com\/de\/unterkuenfte\/\" \/>\n<meta property=\"og:site_name\" content=\"Village de Montmarsis\" \/>\n<meta property=\"article:publisher\" content=\"https:\/\/www.facebook.com\/VillagedeMontmarsis\" \/>\n<meta property=\"article:modified_time\" content=\"2023-12-21T16:40:56+00:00\" \/>\n<meta property=\"og:image\" content=\"https:\/\/www.montmarsis.com\/wp-content\/uploads\/safari-tent-5-pers-20.webp\" \/>\n<meta name=\"twitter:card\" content=\"summary_large_image\" \/>\n<meta name=\"twitter:label1\" content=\"Gesch\u00e4tzte Lesezeit\" \/>\n\t<meta name=\"twitter:data1\" content=\"2\u00a0Minuten\" \/>\n<script type=\"application\/ld+json\" class=\"yoast-schema-graph\">{\"@context\":\"https:\\\/\\\/schema.org\",\"@graph\":[{\"@type\":\"WebPage\",\"@id\":\"https:\\\/\\\/www.montmarsis.com\\\/de\\\/unterkuenfte\\\/\",\"url\":\"https:\\\/\\\/www.montmarsis.com\\\/de\\\/unterkuenfte\\\/\",\"name\":\"Buchen Sie Ihren Aufenthalt im Ferienpark Village de Montmarsis\",\"isPartOf\":{\"@id\":\"https:\\\/\\\/www.montmarsis.com\\\/de\\\/#website\"},\"primaryImageOfPage\":{\"@id\":\"https:\\\/\\\/www.montmarsis.com\\\/de\\\/unterkuenfte\\\/#primaryimage\"},\"image\":{\"@id\":\"https:\\\/\\\/www.montmarsis.com\\\/de\\\/unterkuenfte\\\/#primaryimage\"},\"thumbnailUrl\":\"https:\\\/\\\/www.montmarsis.com\\\/wp-content\\\/uploads\\\/safari-tent-5-pers-20.webp\",\"datePublished\":\"2023-02-06T12:18:58+00:00\",\"dateModified\":\"2023-12-21T16:40:56+00:00\",\"description\":\"Genie\u00dfen Sie unsere Ferienvillen im Ferienpark Village de Montmarsis im Lot und in der Dordogne in Frankreich und entdecken Sie die Umgebung.\",\"breadcrumb\":{\"@id\":\"https:\\\/\\\/www.montmarsis.com\\\/de\\\/unterkuenfte\\\/#breadcrumb\"},\"inLanguage\":\"de\",\"potentialAction\":[{\"@type\":\"ReadAction\",\"target\":[\"https:\\\/\\\/www.montmarsis.com\\\/de\\\/unterkuenfte\\\/\"]}]},{\"@type\":\"ImageObject\",\"inLanguage\":\"de\",\"@id\":\"https:\\\/\\\/www.montmarsis.com\\\/de\\\/unterkuenfte\\\/#primaryimage\",\"url\":\"https:\\\/\\\/www.montmarsis.com\\\/wp-content\\\/uploads\\\/safari-tent-5-pers-20.webp\",\"contentUrl\":\"https:\\\/\\\/www.montmarsis.com\\\/wp-content\\\/uploads\\\/safari-tent-5-pers-20.webp\"},{\"@type\":\"BreadcrumbList\",\"@id\":\"https:\\\/\\\/www.montmarsis.com\\\/de\\\/unterkuenfte\\\/#breadcrumb\",\"itemListElement\":[{\"@type\":\"ListItem\",\"position\":1,\"name\":\"Accueil\",\"item\":\"https:\\\/\\\/www.montmarsis.com\\\/de\\\/\"},{\"@type\":\"ListItem\",\"position\":2,\"name\":\"Unterk\u00fcnfte\"}]},{\"@type\":\"WebSite\",\"@id\":\"https:\\\/\\\/www.montmarsis.com\\\/de\\\/#website\",\"url\":\"https:\\\/\\\/www.montmarsis.com\\\/de\\\/\",\"name\":\"Village de Montmarsis\",\"description\":\"Village de vacances\",\"publisher\":{\"@id\":\"https:\\\/\\\/www.montmarsis.com\\\/de\\\/#organization\"},\"potentialAction\":[{\"@type\":\"SearchAction\",\"target\":{\"@type\":\"EntryPoint\",\"urlTemplate\":\"https:\\\/\\\/www.montmarsis.com\\\/de\\\/?s={search_term_string}\"},\"query-input\":{\"@type\":\"PropertyValueSpecification\",\"valueRequired\":true,\"valueName\":\"search_term_string\"}}],\"inLanguage\":\"de\"},{\"@type\":\"Organization\",\"@id\":\"https:\\\/\\\/www.montmarsis.com\\\/de\\\/#organization\",\"name\":\"Village de Montmarsis\",\"url\":\"https:\\\/\\\/www.montmarsis.com\\\/de\\\/\",\"logo\":{\"@type\":\"ImageObject\",\"inLanguage\":\"de\",\"@id\":\"https:\\\/\\\/www.montmarsis.com\\\/de\\\/#\\\/schema\\\/logo\\\/image\\\/\",\"url\":\"https:\\\/\\\/www.montmarsis.com\\\/wp-content\\\/uploads\\\/cropped-village-de-montmarsis-logo-2.png\",\"contentUrl\":\"https:\\\/\\\/www.montmarsis.com\\\/wp-content\\\/uploads\\\/cropped-village-de-montmarsis-logo-2.png\",\"width\":500,\"height\":500,\"caption\":\"Village de Montmarsis\"},\"image\":{\"@id\":\"https:\\\/\\\/www.montmarsis.com\\\/de\\\/#\\\/schema\\\/logo\\\/image\\\/\"},\"sameAs\":[\"https:\\\/\\\/www.facebook.com\\\/VillagedeMontmarsis\",\"https:\\\/\\\/www.instagram.com\\\/villagedemontmarsis_gourdon\",\"https:\\\/\\\/www.linkedin.com\\\/company\\\/villagedemontmarsis\"]}]}<\/script>\n<!-- \/ Yoast SEO Premium plugin. -->","yoast_head_json":{"title":"Buchen Sie Ihren Aufenthalt im Ferienpark Village de Montmarsis","description":"Genie\u00dfen Sie unsere Ferienvillen im Ferienpark Village de Montmarsis im Lot und in der Dordogne in Frankreich und entdecken Sie die Umgebung.","robots":{"index":"index","follow":"follow","max-snippet":"max-snippet:-1","max-image-preview":"max-image-preview:large","max-video-preview":"max-video-preview:-1"},"canonical":"https:\/\/www.montmarsis.com\/de\/unterkuenfte\/","og_locale":"de_DE","og_type":"article","og_title":"Unterk\u00fcnfte","og_description":"Genie\u00dfen Sie unsere Ferienvillen im Ferienpark Village de Montmarsis im Lot und in der Dordogne in Frankreich und entdecken Sie die Umgebung.","og_url":"https:\/\/www.montmarsis.com\/de\/unterkuenfte\/","og_site_name":"Village de Montmarsis","article_publisher":"https:\/\/www.facebook.com\/VillagedeMontmarsis","article_modified_time":"2023-12-21T16:40:56+00:00","og_image":[{"url":"https:\/\/www.montmarsis.com\/wp-content\/uploads\/safari-tent-5-pers-20.webp","type":"","width":"","height":""}],"twitter_card":"summary_large_image","twitter_misc":{"Gesch\u00e4tzte Lesezeit":"2\u00a0Minuten"},"schema":{"@context":"https:\/\/schema.org","@graph":[{"@type":"WebPage","@id":"https:\/\/www.montmarsis.com\/de\/unterkuenfte\/","url":"https:\/\/www.montmarsis.com\/de\/unterkuenfte\/","name":"Buchen Sie Ihren Aufenthalt im Ferienpark Village de Montmarsis","isPartOf":{"@id":"https:\/\/www.montmarsis.com\/de\/#website"},"primaryImageOfPage":{"@id":"https:\/\/www.montmarsis.com\/de\/unterkuenfte\/#primaryimage"},"image":{"@id":"https:\/\/www.montmarsis.com\/de\/unterkuenfte\/#primaryimage"},"thumbnailUrl":"https:\/\/www.montmarsis.com\/wp-content\/uploads\/safari-tent-5-pers-20.webp","datePublished":"2023-02-06T12:18:58+00:00","dateModified":"2023-12-21T16:40:56+00:00","description":"Genie\u00dfen Sie unsere Ferienvillen im Ferienpark Village de Montmarsis im Lot und in der Dordogne in Frankreich und entdecken Sie die Umgebung.","breadcrumb":{"@id":"https:\/\/www.montmarsis.com\/de\/unterkuenfte\/#breadcrumb"},"inLanguage":"de","potentialAction":[{"@type":"ReadAction","target":["https:\/\/www.montmarsis.com\/de\/unterkuenfte\/"]}]},{"@type":"ImageObject","inLanguage":"de","@id":"https:\/\/www.montmarsis.com\/de\/unterkuenfte\/#primaryimage","url":"https:\/\/www.montmarsis.com\/wp-content\/uploads\/safari-tent-5-pers-20.webp","contentUrl":"https:\/\/www.montmarsis.com\/wp-content\/uploads\/safari-tent-5-pers-20.webp"},{"@type":"BreadcrumbList","@id":"https:\/\/www.montmarsis.com\/de\/unterkuenfte\/#breadcrumb","itemListElement":[{"@type":"ListItem","position":1,"name":"Accueil","item":"https:\/\/www.montmarsis.com\/de\/"},{"@type":"ListItem","position":2,"name":"Unterk\u00fcnfte"}]},{"@type":"WebSite","@id":"https:\/\/www.montmarsis.com\/de\/#website","url":"https:\/\/www.montmarsis.com\/de\/","name":"Village de Montmarsis","description":"Village de vacances","publisher":{"@id":"https:\/\/www.montmarsis.com\/de\/#organization"},"potentialAction":[{"@type":"SearchAction","target":{"@type":"EntryPoint","urlTemplate":"https:\/\/www.montmarsis.com\/de\/?s={search_term_string}"},"query-input":{"@type":"PropertyValueSpecification","valueRequired":true,"valueName":"search_term_string"}}],"inLanguage":"de"},{"@type":"Organization","@id":"https:\/\/www.montmarsis.com\/de\/#organization","name":"Village de Montmarsis","url":"https:\/\/www.montmarsis.com\/de\/","logo":{"@type":"ImageObject","inLanguage":"de","@id":"https:\/\/www.montmarsis.com\/de\/#\/schema\/logo\/image\/","url":"https:\/\/www.montmarsis.com\/wp-content\/uploads\/cropped-village-de-montmarsis-logo-2.png","contentUrl":"https:\/\/www.montmarsis.com\/wp-content\/uploads\/cropped-village-de-montmarsis-logo-2.png","width":500,"height":500,"caption":"Village de Montmarsis"},"image":{"@id":"https:\/\/www.montmarsis.com\/de\/#\/schema\/logo\/image\/"},"sameAs":["https:\/\/www.facebook.com\/VillagedeMontmarsis","https:\/\/www.instagram.com\/villagedemontmarsis_gourdon","https:\/\/www.linkedin.com\/company\/villagedemontmarsis"]}]}},"_links":{"self":[{"href":"https:\/\/www.montmarsis.com\/de\/wp-json\/wp\/v2\/pages\/3954","targetHints":{"allow":["GET"]}}],"collection":[{"href":"https:\/\/www.montmarsis.com\/de\/wp-json\/wp\/v2\/pages"}],"about":[{"href":"https:\/\/www.montmarsis.com\/de\/wp-json\/wp\/v2\/types\/page"}],"author":[{"embeddable":true,"href":"https:\/\/www.montmarsis.com\/de\/wp-json\/wp\/v2\/users\/4"}],"replies":[{"embeddable":true,"href":"https:\/\/www.montmarsis.com\/de\/wp-json\/wp\/v2\/comments?post=3954"}],"version-history":[{"count":1,"href":"https:\/\/www.montmarsis.com\/de\/wp-json\/wp\/v2\/pages\/3954\/revisions"}],"predecessor-version":[{"id":3988,"href":"https:\/\/www.montmarsis.com\/de\/wp-json\/wp\/v2\/pages\/3954\/revisions\/3988"}],"wp:attachment":[{"href":"https:\/\/www.montmarsis.com\/de\/wp-json\/wp\/v2\/media?parent=3954"}],"curies":[{"name":"wp","href":"https:\/\/api.w.org\/{rel}","templated":true}]}}